{"id":2063,"date":"2024-06-08T18:44:54","date_gmt":"2024-06-08T18:44:54","guid":{"rendered":"https:\/\/huepar.si\/politika-povrata-novca-i-povrata\/"},"modified":"2026-03-17T11:00:09","modified_gmt":"2026-03-17T11:00:09","slug":"politika-povrata-novca-i-povrata","status":"publish","type":"page","link":"https:\/\/huepar.si\/bs\/politika-povrata-novca-i-povrata\/","title":{"rendered":"Politika povrata novca i povrata"},"content":{"rendered":"\n<p><b>Ovo je primjer stranice.<\/b><\/p>\n\n<p><\/p><h3>Overview<\/h3>\n\n<p>Na\u0161a politika povrata i povrata traje 30 dana. Ako je pro\u0161lo 30 dana od va\u0161e kupovine, ne mo\u017eemo vam ponuditi puni povrat novca ili zamjenu. <\/p>\n\n<p>Da biste bili podobni za povrat, va\u0161 predmet mora biti neiskori\u0161ten i u istom stanju u kojem ste ga dobili. Tako\u0111er mora biti u originalnom pakovanju. <\/p>\n\n<p>Nekoliko vrsta robe je izuzeto od povrata. Kvarljiva roba poput hrane, cvije\u0107a, novina ili \u010dasopisa ne mo\u017ee se vratiti. Tako\u0111er ne prihvatamo proizvode koji su intimni ili sanitarni proizvodi, opasne materijale ili zapaljive te\u010dnosti ili plinove.  <\/p>\n\n<p>Dodatni predmeti koji se ne mogu vratiti:<\/p>\n\n<ul class=\"wp-block-list\">\n<li>Poklon kartice<\/li>\n\n\n\n<li>Softverski proizvodi za preuzimanje<\/li>\n\n\n\n<li>Neki proizvodi za zdravlje i li\u010dnu njegu<\/li>\n<\/ul>\n\n<p>Za zavr\u0161etak va\u0161e prijave potrebna nam je potvrda ili dokaz o kupovini.<\/p>\n\n<p>Molimo vas da ne \u0161aljete svoju kupovinu nazad proizvo\u0111a\u010du.<\/p>\n\n<p>Postoje odre\u0111ene situacije u kojima se odobravaju samo djelimi\u010dni povrati:<\/p>\n\n<ul class=\"wp-block-list\">\n<li>Knjiga sa o\u010diglednim znakovima upotrebe<\/li>\n\n\n\n<li>CD, DVD, VHS traka, softver, video igre, kaseta ili vinil plo\u010da koja je otvorena.<\/li>\n\n\n\n<li>Svaki predmet koji nije u originalnom stanju, je o\u0161te\u0107en ili mu nedostaju dijelovi iz razloga koji nisu uzrokovani na\u0161om gre\u0161kom.<\/li>\n\n\n\n<li>Svaki predmet koji se vrati vi\u0161e od 30 dana nakon isporuke<\/li>\n<\/ul>\n\n<p><\/p><h2>Povrati novca<\/h2>\n\n<p>Kada va\u0161 povrat bude primljen i pregledan, poslat \u0107emo vam email da vas obavijestimo da smo primili va\u0161 vra\u0107eni predmet. Tako\u0111er \u0107emo vas obavijestiti o odobrenju ili odbijanju va\u0161eg povrata. <\/p>\n\n<p>Ako budete odobreni, va\u0161 povrat \u0107e biti obra\u0111en, a kredit \u0107e automatski biti pripisan va\u0161oj kreditnoj kartici ili originalnom na\u010dinu pla\u0107anja, u odre\u0111enom roku od nekoliko dana.<\/p>\n\n<p><b>Kasni ili nedostaju\u0107i povrati<\/b><\/p>\n\n<p>Ako jo\u0161 niste dobili povrat novca, prvo ponovo provjerite svoj bankovni ra\u010dun.<\/p>\n\n<p>Zatim kontaktirajte svoju kreditnu karticu, mo\u017ee pro\u0107i neko vrijeme prije nego \u0161to va\u0161 povrat bude zvani\u010dno evidentiran.<\/p>\n\n<p>Zatim kontaktirajte svoju banku. \u010cesto postoji odre\u0111eno vrijeme obrade prije nego \u0161to se povrat uplati. <\/p>\n\n<p>Ako ste sve ovo uradili i jo\u0161 uvijek niste dobili povrat novca, molimo kontaktirajte nas na {email adresu}.<\/p>\n\n<p><b>Artikli na sni\u017eenju<\/b><\/p>\n\n<p>Samo artikli sa redovnom cijenom mogu biti refundirani. Artikli sa sni\u017eenja ne mogu biti refundirani. <\/p>\n\n<p><\/p><h2>Razmjene<\/h2>\n\n<p>Zamijenimo predmete samo ako su neispravni ili o\u0161te\u0107eni. Ako trebate zamijeniti za isti predmet, po\u0161aljite nam email na {email adresa} i po\u0161aljite svoj predmet na: {fizi\u010dka adresa}. <\/p>\n\n<p><\/p><h2>Pokloni<\/h2>\n\n<p>Ako je predmet ozna\u010den kao poklon prilikom kupovine i poslan direktno vama, dobit \u0107ete kredit za poklon u vrijednosti povrata. Kada povrateni predmet stigne, poklon bon \u0107e vam biti poslan po\u0161tom. <\/p>\n\n<p>Ako predmet nije bio ozna\u010den kao poklon prilikom kupovine, ili je davaoc poklona naru\u010dio sebi da vam kasnije preda, mi \u0107emo poslati povrat novca davaocu poklona i on \u0107e saznati za va\u0161 povrat.<\/p>\n\n<p><\/p><h2>Povrati po\u0161iljke<\/h2>\n\n<p>Da biste vratili svoj proizvod, trebate ga poslati po\u0161tom na: {fizi\u010dka adresa}.<\/p>\n\n<p>Bi\u0107ete odgovorni za pla\u0107anje vlastitih tro\u0161kova dostave i povrata artikla. Tro\u0161kovi dostave nisu refundabilni. Ako dobijete povrat novca, tro\u0161ak povratne dostave bi\u0107e odbijen od va\u0161eg povrata.  <\/p>\n\n<p>Ovisno o tome gdje \u017eivite, vrijeme koje mo\u017ee biti potrebno da va\u0161 zamijenjeni proizvod stigne mo\u017ee varirati.<\/p>\n\n<p>Ako vra\u0107ate skuplje artikle, mo\u017eete razmotriti kori\u0161tenje usluge pra\u0107enja dostave ili kupovinu osiguranja za dostavu. Ne garantujemo da \u0107emo primiti va\u0161 vra\u0107eni proizvod. <\/p>\n\n<p><\/p><h2>Treba\u0161 pomo\u0107?<\/h2>\n\n<p>Kontaktirajte nas za {email} pitanja vezana za povrate i povrate.<\/p>\n","protected":false},"excerpt":{"rendered":"<p>Ovo je primjer stranice. Overview Na\u0161a politika povrata i povrata traje 30 dana. Ako je pro\u0161lo 30 dana od va\u0161e kupovine, ne mo\u017eemo vam ponuditi puni povrat novca ili zamjenu. Da biste bili podobni za povrat, va\u0161 predmet mora biti neiskori\u0161ten i u istom stanju u kojem ste ga dobili. Tako\u0111er mora biti u originalnom &hellip; <\/p>\n","protected":false},"author":1,"featured_media":0,"parent":0,"menu_order":0,"comment_status":"closed","ping_status":"closed","template":"","meta":{"footnotes":""},"class_list":["post-2063","page","type-page","status-publish","hentry"],"_links":{"self":[{"href":"https:\/\/huepar.si\/bs\/wp-json\/wp\/v2\/pages\/2063","targetHints":{"allow":["GET"]}}],"collection":[{"href":"https:\/\/huepar.si\/bs\/wp-json\/wp\/v2\/pages"}],"about":[{"href":"https:\/\/huepar.si\/bs\/wp-json\/wp\/v2\/types\/page"}],"author":[{"embeddable":true,"href":"https:\/\/huepar.si\/bs\/wp-json\/wp\/v2\/users\/1"}],"replies":[{"embeddable":true,"href":"https:\/\/huepar.si\/bs\/wp-json\/wp\/v2\/comments?post=2063"}],"version-history":[{"count":1,"href":"https:\/\/huepar.si\/bs\/wp-json\/wp\/v2\/pages\/2063\/revisions"}],"predecessor-version":[{"id":2064,"href":"https:\/\/huepar.si\/bs\/wp-json\/wp\/v2\/pages\/2063\/revisions\/2064"}],"wp:attachment":[{"href":"https:\/\/huepar.si\/bs\/wp-json\/wp\/v2\/media?parent=2063"}],"curies":[{"name":"wp","href":"https:\/\/api.w.org\/{rel}","templated":true}]}}