{"id":2728,"date":"2020-10-24T12:35:41","date_gmt":"2020-10-24T12:35:41","guid":{"rendered":"https:\/\/huepar.si\/izdelek\/huepar-b02cg-gradjevinski-zeleni-nivelirajuci-laser\/"},"modified":"2020-10-24T12:35:41","modified_gmt":"2020-10-24T12:35:41","slug":"huepar-b02cg-gradjevinski-zeleni-nivelirajuci-laser","status":"publish","type":"product","link":"https:\/\/huepar.si\/bs\/izdelek\/huepar-b02cg-gradjevinski-zeleni-nivelirajuci-laser\/","title":{"rendered":"Huepar B02CG gra\u0111evinski zeleni niveliraju\u0107i laser"},"content":{"rendered":"<h2>Huepar B02CG gra\u0111evinski zeleni niveliraju\u0107i laser<\/h2>\n<p><iframe title=\"Huepar B03CG laserki zeleni nivelir\" width=\"830\" height=\"467\" src=\"https:\/\/www.youtube.com\/embed\/-9_hqyltC24?feature=oembed\" frameborder=\"0\" allow=\"accelerometer; autoplay; clipboard-write; encrypted-media; gyroscope; picture-in-picture; web-share\" referrerpolicy=\"strict-origin-when-cross-origin\" allowfullscreen><\/iframe><\/p>\n<p>&nbsp;<\/p>\n<p>&nbsp;<\/p>\n","protected":false},"excerpt":{"rendered":"<p>Huepar B02CG gra\u0111evinski zeleni niveliraju\u0107i laser &nbsp; &nbsp;<\/p>\n","protected":false},"featured_media":321,"template":"","meta":[],"product_brand":[],"product_cat":[598],"product_tag":[652],"class_list":{"0":"post-2728","1":"product","2":"type-product","3":"status-publish","4":"has-post-thumbnail","6":"product_cat-laserski-nivoi","7":"product_tag-huepar-b02cg-gradevinski-zeleni-nivelirajuci-laser","9":"first","10":"instock","11":"featured","12":"shipping-taxable","13":"product-type-external"},"_links":{"self":[{"href":"https:\/\/huepar.si\/bs\/wp-json\/wp\/v2\/product\/2728","targetHints":{"allow":["GET"]}}],"collection":[{"href":"https:\/\/huepar.si\/bs\/wp-json\/wp\/v2\/product"}],"about":[{"href":"https:\/\/huepar.si\/bs\/wp-json\/wp\/v2\/types\/product"}],"wp:featuredmedia":[{"embeddable":true,"href":"https:\/\/huepar.si\/bs\/wp-json\/wp\/v2\/media\/321"}],"wp:attachment":[{"href":"https:\/\/huepar.si\/bs\/wp-json\/wp\/v2\/media?parent=2728"}],"wp:term":[{"taxonomy":"product_brand","embeddable":true,"href":"https:\/\/huepar.si\/bs\/wp-json\/wp\/v2\/product_brand?post=2728"},{"taxonomy":"product_cat","embeddable":true,"href":"https:\/\/huepar.si\/bs\/wp-json\/wp\/v2\/product_cat?post=2728"},{"taxonomy":"product_tag","embeddable":true,"href":"https:\/\/huepar.si\/bs\/wp-json\/wp\/v2\/product_tag?post=2728"}],"curies":[{"name":"wp","href":"https:\/\/api.w.org\/{rel}","templated":true}]}}