{"id":5031,"date":"2020-10-22T20:33:53","date_gmt":"2020-10-22T20:33:53","guid":{"rendered":"https:\/\/huepar.si\/izdelek\/poste-telescopico-huepar-lp36-tripode-37m\/"},"modified":"2020-10-22T20:33:53","modified_gmt":"2020-10-22T20:33:53","slug":"poste-telescopico-huepar-lp36-tripode-37m","status":"publish","type":"product","link":"https:\/\/huepar.si\/es\/izdelek\/poste-telescopico-huepar-lp36-tripode-37m\/","title":{"rendered":"Poste telesc\u00f3pico Huepar LP36 &#8211; Tr\u00edpode 3,7M"},"content":{"rendered":"<h2>Poste telesc\u00f3pico Huepar LP36 &#8211; Tr\u00edpode 3,7M<\/h2>\n<p><iframe title=\"\u0423\u043d\u0438\u0432\u0435\u0440\u0441\u0430\u043b\u044c\u043d\u0430\u044f \u0440\u0430\u0441\u043f\u043e\u0440\u043d\u0430\u044f \u0448\u0442\u0430\u043d\u0433\u0430 - \u0448\u0442\u0430\u0442\u0438\u0432 \u0441 \u0410\u041b\u0418\u042d\u041a\u0421\u041f\u0420\u0415\u0421\u0421 \u0434\u043b\u044f \u043b\u0430\u0437\u0435\u0440\u043d\u044b\u0445 \u0443\u0440\u043e\u0432\u043d\u0435\u0439, \u0434\u0435\u0448\u0435\u0432\u043b\u0435 \u0430\u043d\u0430\u043b\u043e\u0433\u043e\u0432.\" width=\"830\" height=\"467\" src=\"https:\/\/www.youtube.com\/embed\/b9V9FxebNI4?feature=oembed\" frameborder=\"0\" allow=\"accelerometer; autoplay; clipboard-write; encrypted-media; gyroscope; picture-in-picture; web-share\" referrerpolicy=\"strict-origin-when-cross-origin\" allowfullscreen><\/iframe><\/p>\n<p>&nbsp;<\/p>\n<p>&nbsp;<\/p>\n","protected":false},"excerpt":{"rendered":"<p>Poste telesc\u00f3pico Huepar LP36 &#8211; Tr\u00edpode 3,7M &nbsp; &nbsp;<\/p>\n","protected":false},"featured_media":241,"template":"","meta":[],"product_brand":[],"product_cat":[1547],"product_tag":[1564],"class_list":{"0":"post-5031","1":"product","2":"type-product","3":"status-publish","4":"has-post-thumbnail","6":"product_cat-accesorios","7":"product_tag-poste-telescopico-huepar-lp36-tripode-3","9":"first","10":"instock","11":"featured","12":"shipping-taxable","13":"product-type-external"},"_links":{"self":[{"href":"https:\/\/huepar.si\/es\/wp-json\/wp\/v2\/product\/5031","targetHints":{"allow":["GET"]}}],"collection":[{"href":"https:\/\/huepar.si\/es\/wp-json\/wp\/v2\/product"}],"about":[{"href":"https:\/\/huepar.si\/es\/wp-json\/wp\/v2\/types\/product"}],"wp:featuredmedia":[{"embeddable":true,"href":"https:\/\/huepar.si\/es\/wp-json\/wp\/v2\/media\/241"}],"wp:attachment":[{"href":"https:\/\/huepar.si\/es\/wp-json\/wp\/v2\/media?parent=5031"}],"wp:term":[{"taxonomy":"product_brand","embeddable":true,"href":"https:\/\/huepar.si\/es\/wp-json\/wp\/v2\/product_brand?post=5031"},{"taxonomy":"product_cat","embeddable":true,"href":"https:\/\/huepar.si\/es\/wp-json\/wp\/v2\/product_cat?post=5031"},{"taxonomy":"product_tag","embeddable":true,"href":"https:\/\/huepar.si\/es\/wp-json\/wp\/v2\/product_tag?post=5031"}],"curies":[{"name":"wp","href":"https:\/\/api.w.org\/{rel}","templated":true}]}}