{"id":5585,"date":"2021-02-15T16:13:53","date_gmt":"2021-02-15T16:13:53","guid":{"rendered":"https:\/\/huepar.si\/izdelek\/huepar-s04cg-pro16-construccion-en-linea-de-fibra-a-nivel-laser-bluetooth\/"},"modified":"2021-02-15T16:13:53","modified_gmt":"2021-02-15T16:13:53","slug":"huepar-s04cg-pro16-construccion-en-linea-de-fibra-a-nivel-laser-bluetooth","status":"publish","type":"product","link":"https:\/\/huepar.si\/es\/izdelek\/huepar-s04cg-pro16-construccion-en-linea-de-fibra-a-nivel-laser-bluetooth\/","title":{"rendered":"Huepar S04CG PRO16 Construcci\u00f3n en l\u00ednea de fibra a nivel l\u00e1ser Bluetooth"},"content":{"rendered":"<h2>Huepar S04CG PRO16 Construcci\u00f3n en l\u00ednea de fibra a nivel l\u00e1ser Bluetooth<\/h2>\n<div style=\"width: 830px;\" class=\"wp-video\"><video class=\"wp-video-shortcode\" id=\"video-5585-1\" width=\"830\" height=\"467\" preload=\"metadata\" controls=\"controls\"><source type=\"video\/mp4\" src=\"https:\/\/huepar.si\/wp-content\/uploads\/2021\/02\/ffc0e188-5a8a-4766-85a7-69fe7a274fef_0.mp4?_=1\" \/><a href=\"https:\/\/huepar.si\/wp-content\/uploads\/2021\/02\/ffc0e188-5a8a-4766-85a7-69fe7a274fef_0.mp4\">https:\/\/huepar.si\/wp-content\/uploads\/2021\/02\/ffc0e188-5a8a-4766-85a7-69fe7a274fef_0.mp4<\/a><\/video><\/div>\n<p><iframe title=\"Huepar S04CG PRO laserski linijski nivelir Bluetooth\" width=\"830\" height=\"623\" src=\"https:\/\/www.youtube.com\/embed\/zg8C5Y0uEfM?feature=oembed\" frameborder=\"0\" allow=\"accelerometer; autoplay; clipboard-write; encrypted-media; gyroscope; picture-in-picture; web-share\" referrerpolicy=\"strict-origin-when-cross-origin\" allowfullscreen><\/iframe><\/p>\n<p>&nbsp;<\/p>\n","protected":false},"excerpt":{"rendered":"<p>Huepar S04CG PRO16 Construcci\u00f3n en l\u00ednea de fibra a nivel l\u00e1ser Bluetooth &nbsp;<\/p>\n","protected":false},"featured_media":861,"template":"","meta":[],"product_brand":[],"product_cat":[1488],"product_tag":[1618],"class_list":{"0":"post-5585","1":"product","2":"type-product","3":"status-publish","4":"has-post-thumbnail","6":"product_cat-niveles-laser","7":"product_tag-huepar-s04cg-pro16-construccion-en-linea-de-fibra-a-nivel-laser-bluetooth","9":"first","10":"instock","11":"sale","12":"featured","13":"shipping-taxable","14":"product-type-external"},"_links":{"self":[{"href":"https:\/\/huepar.si\/es\/wp-json\/wp\/v2\/product\/5585","targetHints":{"allow":["GET"]}}],"collection":[{"href":"https:\/\/huepar.si\/es\/wp-json\/wp\/v2\/product"}],"about":[{"href":"https:\/\/huepar.si\/es\/wp-json\/wp\/v2\/types\/product"}],"wp:featuredmedia":[{"embeddable":true,"href":"https:\/\/huepar.si\/es\/wp-json\/wp\/v2\/media\/861"}],"wp:attachment":[{"href":"https:\/\/huepar.si\/es\/wp-json\/wp\/v2\/media?parent=5585"}],"wp:term":[{"taxonomy":"product_brand","embeddable":true,"href":"https:\/\/huepar.si\/es\/wp-json\/wp\/v2\/product_brand?post=5585"},{"taxonomy":"product_cat","embeddable":true,"href":"https:\/\/huepar.si\/es\/wp-json\/wp\/v2\/product_cat?post=5585"},{"taxonomy":"product_tag","embeddable":true,"href":"https:\/\/huepar.si\/es\/wp-json\/wp\/v2\/product_tag?post=5585"}],"curies":[{"name":"wp","href":"https:\/\/api.w.org\/{rel}","templated":true}]}}