{"id":1576,"date":"2024-06-08T18:44:54","date_gmt":"2024-06-08T18:44:54","guid":{"rendered":"https:\/\/huepar.si\/povrat-novca-i-politika-povrata\/"},"modified":"2026-03-17T08:05:07","modified_gmt":"2026-03-17T08:05:07","slug":"povrat-novca-i-politika-povrata","status":"publish","type":"page","link":"https:\/\/huepar.si\/hr\/povrat-novca-i-politika-povrata\/","title":{"rendered":"Povrat novca i politika povrata"},"content":{"rendered":"\n<p><b>Ovo je primjer stranice.<\/b><\/p>\n\n<p><\/p><h3>Overview<\/h3>\n\n<p>Na\u0161a politika povrata i povrata traje 30 dana. Ako je pro\u0161lo 30 dana od va\u0161e kupnje, ne mo\u017eemo vam ponuditi puni povrat novca ili zamjenu. <\/p>\n\n<p>Da biste bili podobni za povrat, va\u0161 predmet mora biti neiskori\u0161ten i u istom stanju u kojem ste ga primili. Mora biti i u originalnom pakiranju. <\/p>\n\n<p>Nekoliko vrsta robe oslobo\u0111eno je povrata. Kvarljiva roba poput hrane, cvije\u0107a, novina ili \u010dasopisa ne mo\u017ee se vratiti. Tako\u0111er ne prihva\u0107amo proizvode koji su intimni ili sanitarni proizvodi, opasne tvari ili zapaljive teku\u0107ine ili plinovi.  <\/p>\n\n<p>Dodatni predmeti koji se ne mogu vratiti:<\/p>\n\n<ul class=\"wp-block-list\">\n<li>Poklon kartice<\/li>\n\n\n\n<li>Softverski proizvodi za preuzimanje<\/li>\n\n\n\n<li>Neki zdravstveni i osobni proizvodi<\/li>\n<\/ul>\n\n<p>Za dovr\u0161etak povrata zahtijevamo ra\u010dun ili dokaz o kupnji.<\/p>\n\n<p>Molimo vas da ne \u0161aljete svoju kupnju natrag proizvo\u0111a\u010du.<\/p>\n\n<p>Postoje odre\u0111ene situacije u kojima se odobravaju samo djelomi\u010dni povrati:<\/p>\n\n<ul class=\"wp-block-list\">\n<li>Knjiga s o\u010ditim znakovima kori\u0161tenja<\/li>\n\n\n\n<li>CD, DVD, VHS traka, softver, videoigra, kaseta ili vinil plo\u010da koja je otvorena.<\/li>\n\n\n\n<li>Svaki predmet koji nije u izvornom stanju, o\u0161te\u0107en je ili mu nedostaju dijelovi iz razloga koji nisu uzrokovani na\u0161om pogre\u0161kom.<\/li>\n\n\n\n<li>Svaki predmet koji se vrati vi\u0161e od 30 dana nakon dostave<\/li>\n<\/ul>\n\n<p><\/p><h2>Povrati novca<\/h2>\n\n<p>Nakon \u0161to va\u0161 povrat bude primljen i pregledan, poslat \u0107emo vam e-mail kako bismo vas obavijestili da smo primili va\u0161 vra\u0107eni artikl. Tako\u0111er \u0107emo vas obavijestiti o odobrenju ili odbijanju va\u0161eg povrata. <\/p>\n\n<p>Ako budete odobreni, va\u0161 povrat \u0107e biti obra\u0111en, a kredit \u0107e se automatski primijeniti na va\u0161u kreditnu karticu ili izvorni na\u010din pla\u0107anja, unutar odre\u0111enog broja dana.<\/p>\n\n<p><b>Kasni ili nedostaju\u0107i povrati<\/b><\/p>\n\n<p>Ako jo\u0161 niste dobili povrat novca, prvo ponovno provjerite svoj bankovni ra\u010dun.<\/p>\n\n<p>Zatim kontaktirajte svoju kreditnu karticu, mo\u017ee pro\u0107i neko vrijeme prije nego \u0161to vam povrat slu\u017ebeno bude evidentiran.<\/p>\n\n<p>Zatim kontaktirajte svoju banku. \u010cesto postoji odre\u0111eno vrijeme obrade prije nego \u0161to se povrat uplati. <\/p>\n\n<p>Ako ste sve ovo u\u010dinili i jo\u0161 uvijek niste dobili povrat novca, molimo kontaktirajte nas na {email adresa}.<\/p>\n\n<p><b>Rasprodajni artikli<\/b><\/p>\n\n<p>Povrat novca mogu biti napla\u0107eni samo artikli s redovnom cijenom. Artikli na rasprodaji ne mogu se povratiti. <\/p>\n\n<p><\/p><h2>Razmjene<\/h2>\n\n<p>Zamijenimo predmete samo ako su neispravni ili o\u0161te\u0107eni. Ako ga trebate zamijeniti za isti predmet, po\u0161aljite nam e-mail na {email adresa} i po\u0161aljite svoj predmet na: {fizi\u010dka adresa}. <\/p>\n\n<p><\/p><h2>Darovi<\/h2>\n\n<p>Ako je predmet ozna\u010den kao poklon prilikom kupnje i poslan izravno vama, dobit \u0107ete poklon kredit u vrijednosti povrata. Nakon \u0161to primite vra\u0107eni predmet, bit \u0107e vam poslan poklon bon po\u0161tom. <\/p>\n\n<p>Ako predmet nije bio ozna\u010den kao poklon prilikom kupnje ili je darovatelj naru\u010dio narud\u017ebu sebi da vam je kasnije preda, poslat \u0107emo povrat novca darivatelju i on \u0107e saznati za va\u0161 povrat.<\/p>\n\n<p><\/p><h2>Povrati po\u0161iljke<\/h2>\n\n<p>Da biste vratili svoj proizvod, trebate ga poslati po\u0161tom na: {fizi\u010dka adresa}.<\/p>\n\n<p>Bit \u0107ete odgovorni za vlastite tro\u0161kove dostave i povrata artikla. Tro\u0161kovi dostave nisu povratni. Ako dobijete povrat novca, tro\u0161ak povratne dostave bit \u0107e odbijen od va\u0161eg povrata.  <\/p>\n\n<p>Ovisno o tome gdje \u017eivite, vrijeme koje mo\u017ee biti potrebno da va\u0161 zamijenjeni proizvod stigne mo\u017ee varirati.<\/p>\n\n<p>Ako vra\u0107ate skuplje artikle, mo\u017eda razmislite o kori\u0161tenju usluge prijevoza s mogu\u0107no\u0161\u0107u pra\u0107enja ili kupnji osiguranja za dostavu. Ne jam\u010dimo da \u0107emo primiti va\u0161 vra\u0107eni predmet. <\/p>\n\n<p><\/p><h2>Treba\u0161 pomo\u0107?<\/h2>\n\n<p>Kontaktirajte nas za {email} pitanja vezana uz povrate novca i povrate.<\/p>\n","protected":false},"excerpt":{"rendered":"<p>Ovo je primjer stranice. Overview Na\u0161a politika povrata i povrata traje 30 dana. Ako je pro\u0161lo 30 dana od va\u0161e kupnje, ne mo\u017eemo vam ponuditi puni povrat novca ili zamjenu. Da biste bili podobni za povrat, va\u0161 predmet mora biti neiskori\u0161ten i u istom stanju u kojem ste ga primili. Mora biti i u originalnom &hellip; <\/p>\n","protected":false},"author":1,"featured_media":0,"parent":0,"menu_order":0,"comment_status":"closed","ping_status":"closed","template":"","meta":{"footnotes":""},"class_list":["post-1576","page","type-page","status-publish","hentry"],"_links":{"self":[{"href":"https:\/\/huepar.si\/hr\/wp-json\/wp\/v2\/pages\/1576","targetHints":{"allow":["GET"]}}],"collection":[{"href":"https:\/\/huepar.si\/hr\/wp-json\/wp\/v2\/pages"}],"about":[{"href":"https:\/\/huepar.si\/hr\/wp-json\/wp\/v2\/types\/page"}],"author":[{"embeddable":true,"href":"https:\/\/huepar.si\/hr\/wp-json\/wp\/v2\/users\/1"}],"replies":[{"embeddable":true,"href":"https:\/\/huepar.si\/hr\/wp-json\/wp\/v2\/comments?post=1576"}],"version-history":[{"count":3,"href":"https:\/\/huepar.si\/hr\/wp-json\/wp\/v2\/pages\/1576\/revisions"}],"predecessor-version":[{"id":1610,"href":"https:\/\/huepar.si\/hr\/wp-json\/wp\/v2\/pages\/1576\/revisions\/1610"}],"wp:attachment":[{"href":"https:\/\/huepar.si\/hr\/wp-json\/wp\/v2\/media?parent=1576"}],"curies":[{"name":"wp","href":"https:\/\/api.w.org\/{rel}","templated":true}]}}